{"id":5163,"date":"2022-12-20T09:22:42","date_gmt":"2022-12-20T07:22:42","guid":{"rendered":"https:\/\/elamusmangud.ee\/kontakt\/"},"modified":"2026-04-30T22:21:11","modified_gmt":"2026-04-30T19:21:11","slug":"contact","status":"publish","type":"page","link":"https:\/\/elamusmangud.ee\/en\/contact\/","title":{"rendered":"Contact"},"content":{"rendered":"\n<p class=\"wp-el\">Great to have you on the <a href=\"https:\/\/elamusmangud.ee\/en\/\">Elamusm\u00e4ngud <\/a>page.<\/p>\n\n\n\n<p class=\"wp-el\">Our team is made up of fierce game hosts who always give their best to make sure your event is carefully planned and superbly executed.&nbsp;Our goal is to offer you friendly and personal communication and find the best solutions for organizing your team event that bring satisfaction and a smile to your face \ud83d\ude42 Feel free to get in touch!<\/p>\n\n\n\n<h6 class=\"wp-block-heading wp-el\">You can get a glimpse of our past events on <a href=\"https:\/\/www.instagram.com\/elamusmangud\/\" target=\"_blank\" rel=\"noopener\">Instagram<\/a> and <a href=\"https:\/\/www.facebook.com\/elamusmangud\" target=\"_blank\" rel=\"noopener\">Facebook<\/a>.<\/h6>\n\n\n\n<div class=\"wp-block-columns are-vertically-aligned-center is-layout-flex wp-container-core-columns-is-layout-28f84493 wp-block-columns-is-layout-flex\">\n<div class=\"wp-block-column is-vertically-aligned-center is-layout-flow wp-block-column-is-layout-flow\">\n<h2 class=\"wp-block-heading has-large-font-size wp-el\"><strong>Elamusm\u00e4ngud O\u00dc<\/strong><\/h2>\n\n\n\n<ul class=\"wp-block-list wp-el\">\n<li>Taimo Nellis<\/li>\n\n\n\n<li>Contact: <a href=\"tel:+3725020640\">+3725020640<\/a><\/li>\n\n\n\n<li>E-mail: <a href=\"mailto:info@elamusmangud.ee\">info@elamusmangud.ee<\/a><\/li>\n\n\n\n<li>O\u00dc Elamusm\u00e4ngud<br>Nellise tee 7, Vaela k\u00fcla, Kiili vald, Harjumaa 75413<br>Reg nr. 14378541<br>KMKR nr. EE102478213<\/li>\n\n\n\n<li>Bank details:<\/li>\n\n\n\n<li><strong>Swedbank<\/strong> EE152200221068149847 <\/li>\n\n\n\n<li><strong>LHV<\/strong> EE587700771009015367<\/li>\n<\/ul>\n<\/div>\n\n\n\n<div class=\"wp-block-column is-vertically-aligned-center is-layout-flow wp-block-column-is-layout-flow\">\n<figure class=\"wp-block-image size-full is-style-rounded\"><img loading=\"lazy\" decoding=\"async\" width=\"750\" height=\"469\" src=\"https:\/\/elamusmangud.ee\/wp-content\/uploads\/2023\/01\/IMG_5310-edited.jpg\" alt=\"\" class=\"wp-image-1513\" srcset=\"https:\/\/elamusmangud.ee\/wp-content\/uploads\/2023\/01\/IMG_5310-edited.jpg 750w, https:\/\/elamusmangud.ee\/wp-content\/uploads\/2023\/01\/IMG_5310-edited-690x431.jpg 690w\" sizes=\"auto, (max-width: 750px) 100vw, 750px\" \/><\/figure>\n<\/div>\n<\/div>\n\n\n\n<p class=\"wp-el\"><\/p>\n","protected":false},"excerpt":{"rendered":"<p>Great to have you on the Elamusm\u00e4ngud page. Our team is made up of fierce game hosts who always give&#8230;<\/p>\n","protected":false},"author":1,"featured_media":3142,"parent":0,"menu_order":60,"comment_status":"closed","ping_status":"closed","template":"","meta":{"_acf_changed":false,"inline_featured_image":false,"footnotes":""},"class_list":["post-5163","page","type-page","status-publish","has-post-thumbnail","hentry"],"acf":[],"_links":{"self":[{"href":"https:\/\/elamusmangud.ee\/en\/wp-json\/wp\/v2\/pages\/5163","targetHints":{"allow":["GET"]}}],"collection":[{"href":"https:\/\/elamusmangud.ee\/en\/wp-json\/wp\/v2\/pages"}],"about":[{"href":"https:\/\/elamusmangud.ee\/en\/wp-json\/wp\/v2\/types\/page"}],"author":[{"embeddable":true,"href":"https:\/\/elamusmangud.ee\/en\/wp-json\/wp\/v2\/users\/1"}],"replies":[{"embeddable":true,"href":"https:\/\/elamusmangud.ee\/en\/wp-json\/wp\/v2\/comments?post=5163"}],"version-history":[{"count":5,"href":"https:\/\/elamusmangud.ee\/en\/wp-json\/wp\/v2\/pages\/5163\/revisions"}],"predecessor-version":[{"id":5249,"href":"https:\/\/elamusmangud.ee\/en\/wp-json\/wp\/v2\/pages\/5163\/revisions\/5249"}],"wp:featuredmedia":[{"embeddable":true,"href":"https:\/\/elamusmangud.ee\/en\/wp-json\/wp\/v2\/media\/3142"}],"wp:attachment":[{"href":"https:\/\/elamusmangud.ee\/en\/wp-json\/wp\/v2\/media?parent=5163"}],"curies":[{"name":"wp","href":"https:\/\/api.w.org\/{rel}","templated":true}]}}